{"id":20317,"date":"2021-04-27T14:33:29","date_gmt":"2021-04-27T18:33:29","guid":{"rendered":"https:\/\/orcam.cl\/?post_type=product&#038;p=20317"},"modified":"2026-04-17T19:49:39","modified_gmt":"2026-04-17T23:49:39","slug":"logitech-mouse-gamer-inalambrico-g502-lightspeed","status":"publish","type":"product","link":"https:\/\/orcam.cl\/?product=logitech-mouse-gamer-inalambrico-g502-lightspeed","title":{"rendered":"Logitech: Mouse Gamer Inal\u00e1mbrico \u2013 G502 Lightspeed"},"content":{"rendered":"<p>Caracter\u00edsticas<br \/>\nESPECIFICACIONES F\u00cdSICAS<br \/>\n. Altura: 132 mm<br \/>\n. Anchura: 75 mm<br \/>\n. Profundidad: 40 mm<br \/>\n. Peso: 114 g (+ pesa de 16 g opcional)<\/p>\n<p>SEGUIMIENTO<br \/>\n. Sensor: HERO 25K<br \/>\n. Resoluci\u00f3n: 100 \u2013 25.600 dpi<br \/>\n. Sin suavizado\/aceleraci\u00f3n\/filtros<br \/>\n. Aceleraci\u00f3n m\u00e1x.: >40 G<br \/>\n. Velocidad m\u00e1x.: >400 ips<\/p>\n<p>RESPUESTA<br \/>\n. Velocidad de respuesta inal\u00e1mbrica LIGHTSPEED: 1000 Hz (1 ms)<br \/>\n. Microprocesador: 32 bits ARM<\/p>\n<p>OTRAS FUNCIONES<br \/>\n. Memoria integrada: 1 perfil<br \/>\n. Sistema mec\u00e1nico de tensi\u00f3n de botones<\/p>\n<p>DURABILIDAD<br \/>\n. Pies de PTFE: Recorrido de 250 km<\/p>\n<p>DURACI\u00d3N DE LAS BATER\u00cdAS<br \/>\n. Mouse totalmente recargable<br \/>\n. Iluminaci\u00f3n predeterminada: hasta 48 horas (USO CONTINUO)<br \/>\n. Sin iluminaci\u00f3n: hasta 60 horas<\/p>\n<p>REQUISITOS<br \/>\n. Windows 8 o posteriores<br \/>\n. macOS 10.11 o posteriores<br \/>\n. Chrome OS<br \/>\n. Puerto USB<br \/>\n. Conexi\u00f3n a Internet para Logitech G HUB (opcional)<\/p>\n<p>CONTENIDO DE LA CAJA<br \/>\n. Mouse G502 Lightspeed<br \/>\n. Receptor USB LIGHTSPEED<br \/>\n. Adaptador de extensi\u00f3n del receptor<br \/>\n. Cable de carga\/datos<br \/>\n. Caja de accesorios<br \/>\n. 4 pesas de 2 g<br \/>\n. 2 pesas de 4 g<br \/>\n. Documentaci\u00f3n del usuario<\/p>\n","protected":false},"excerpt":{"rendered":"<p>Caracter\u00edsticas ESPECIFICACIONES F\u00cdSICAS . Altura: 132 mm . Anchura: 75 mm . Profundidad: 40 mm . Peso: 114 g (+ pesa de 16 g opcional) SEGUIMIENTO . Sensor: HERO 25K . Resoluci\u00f3n: 100 \u2013 25.600 dpi . Sin suavizado\/aceleraci\u00f3n\/filtros . Aceleraci\u00f3n m\u00e1x.: >40 G . Velocidad m\u00e1x.: >400 ips RESPUESTA . Velocidad de respuesta inal\u00e1mbrica [&#8230;]\n","protected":false},"featured_media":20319,"template":"","meta":{"inline_featured_image":false},"product_cat":[567,616],"product_tag":[3140],"_links":{"self":[{"href":"https:\/\/orcam.cl\/index.php?rest_route=\/wp\/v2\/product\/20317"}],"collection":[{"href":"https:\/\/orcam.cl\/index.php?rest_route=\/wp\/v2\/product"}],"about":[{"href":"https:\/\/orcam.cl\/index.php?rest_route=\/wp\/v2\/types\/product"}],"wp:featuredmedia":[{"embeddable":true,"href":"https:\/\/orcam.cl\/index.php?rest_route=\/wp\/v2\/media\/20319"}],"wp:attachment":[{"href":"https:\/\/orcam.cl\/index.php?rest_route=%2Fwp%2Fv2%2Fmedia&parent=20317"}],"wp:term":[{"taxonomy":"product_cat","embeddable":true,"href":"https:\/\/orcam.cl\/index.php?rest_route=%2Fwp%2Fv2%2Fproduct_cat&post=20317"},{"taxonomy":"product_tag","embeddable":true,"href":"https:\/\/orcam.cl\/index.php?rest_route=%2Fwp%2Fv2%2Fproduct_tag&post=20317"}],"curies":[{"name":"wp","href":"https:\/\/api.w.org\/{rel}","templated":true}]}}