{"id":20340,"date":"2021-04-28T16:11:27","date_gmt":"2021-04-28T20:11:27","guid":{"rendered":"https:\/\/orcam.cl\/?post_type=product&#038;p=20340"},"modified":"2026-04-13T16:38:14","modified_gmt":"2026-04-13T20:38:14","slug":"logitech-mouse-gamer-inalambrico-g305-lightspeed-blue","status":"publish","type":"product","link":"https:\/\/orcam.cl\/?product=logitech-mouse-gamer-inalambrico-g305-lightspeed-blue","title":{"rendered":"Logitech: Mouse Gamer Inal\u00e1mbrico \u2013 G305 Lightspeed Blue"},"content":{"rendered":"<h2 class=\"headerTextBlack\"><span style=\"font-size: 110%;\"><strong>Caracter\u00edsticas<\/strong><\/span><\/h2>\n<div class=\"product-features-texts\">\n<ul class=\"product-features-list\">\n<li>\n<p class=\"specs-group-title\"><span style=\"font-size: 110%;\"><strong>ESPECIFICACIONES F\u00cdSICAS<\/strong><\/span><br \/>\n<span style=\"font-size: 110%;\">. Altura: 116,6 mm<\/span><br \/>\n<span style=\"font-size: 110%;\">. Anchura: 62,15 mm<\/span><br \/>\n<span style=\"font-size: 110%;\">. Profundidad: 38,2\u00a0mm<\/span><br \/>\n<span style=\"font-size: 110%;\">. Peso: 99 g<span style=\"color: #333333;\"><br \/>\n<\/span><\/span><\/p>\n<\/li>\n<li>\n<p class=\"specs-group-title\"><span style=\"font-size: 110%;\"><strong>SEGUIMIENTO<br \/>\n. <\/strong>Sensor: HERO<strong><br \/>\n<\/strong><strong>.\u00a0<\/strong>Resoluci\u00f3n: 200 \u2013 12.000 dpi<\/span><br \/>\n<span style=\"font-size: 110%;\">.\u00a0Sin suavizado\/aceleraci\u00f3n\/filtros<\/span><br \/>\n<span style=\"font-size: 110%;\">. Aceleraci\u00f3n m\u00e1x.: &gt;40 G<\/span><br \/>\n<span style=\"font-size: 110%;\">. Velocidad m\u00e1x.: &gt;400 ips<\/span><\/p>\n<\/li>\n<li>\n<p class=\"specs-group-title\"><span style=\"font-size: 110%;\"><strong>RESPUESTA<\/strong><\/span><br \/>\n<span style=\"font-size: 110%;\">. Velocidad de respuesta inal\u00e1mbrica LIGHTSPEED: 1000 Hz (1 ms)<span style=\"color: #333333;\"><br \/>\n.\u00a0Microprocesador: 32 bits ARM<\/span><\/span><\/p>\n<\/li>\n<li>\n<p class=\"specs-group-title\"><span style=\"font-size: 110%;\"><strong>OTRAS FUNCIONES<br \/>\n<\/strong><span style=\"color: #333333;\">. Memoria integrada: 1 perfil<br \/>\n. <\/span><span style=\"color: #333333;\">Sistema mec\u00e1nico de tensi\u00f3n de botones<\/span><\/span><\/p>\n<\/li>\n<li>\n<p class=\"specs-group-title\"><span style=\"font-size: 110%;\"><strong>DURABILIDAD<br \/>\n. <\/strong>Pies de PTFE: Recorrido de 250\u00a0km<\/span><\/p>\n<\/li>\n<li>\n<p class=\"specs-group-title\"><span style=\"font-size: 110%;\"><strong>DURACI\u00d3N DE LAS BATER\u00cdAS<br \/>\n. <\/strong><span style=\"color: #333333;\">250 horas (pila)<\/span><\/span><\/p>\n<\/li>\n<li><span style=\"font-size: 110%;\"><strong>REQUISITOS<br \/>\n<\/strong><span style=\"color: #333333;\">. <\/span>Windows 7 o posteriores<\/span><br \/>\n<span style=\"font-size: 110%;\">. macOS 10.13 o posteriores<\/span><br \/>\n<span style=\"font-size: 110%;\">. Chrome OS<\/span><br \/>\n<span style=\"font-size: 110%;\">.\u00a0Puerto USB<\/span><br \/>\n<span style=\"font-size: 110%;\">. Conexi\u00f3n a Internet para Logitech G HUB (opcional)<\/span><\/li>\n<li><span style=\"font-size: 110%;\"><strong>CONTENIDO DE LA CAJA<\/strong><\/span><br \/>\n<span style=\"font-size: 110%;\">.\u00a0Mouse G305 para juegos<\/span><br \/>\n<span style=\"font-size: 110%;\">. Receptor USB LIGHTSPEED<\/span><\/li>\n<\/ul>\n<\/div>\n","protected":false},"excerpt":{"rendered":"<p>Caracter\u00edsticas ESPECIFICACIONES F\u00cdSICAS . Altura: 116,6 mm . Anchura: 62,15 mm . Profundidad: 38,2\u00a0mm . Peso: 99 g SEGUIMIENTO . Sensor: HERO .\u00a0Resoluci\u00f3n: 200 \u2013 12.000 dpi .\u00a0Sin suavizado\/aceleraci\u00f3n\/filtros . Aceleraci\u00f3n m\u00e1x.: &gt;40 G . Velocidad m\u00e1x.: &gt;400 ips RESPUESTA . Velocidad de respuesta inal\u00e1mbrica LIGHTSPEED: 1000 Hz (1 ms) .\u00a0Microprocesador: 32 bits ARM OTRAS [&#8230;]\n","protected":false},"featured_media":20341,"template":"","meta":{"inline_featured_image":false},"product_cat":[567,616],"product_tag":[4573],"_links":{"self":[{"href":"https:\/\/orcam.cl\/index.php?rest_route=\/wp\/v2\/product\/20340"}],"collection":[{"href":"https:\/\/orcam.cl\/index.php?rest_route=\/wp\/v2\/product"}],"about":[{"href":"https:\/\/orcam.cl\/index.php?rest_route=\/wp\/v2\/types\/product"}],"wp:featuredmedia":[{"embeddable":true,"href":"https:\/\/orcam.cl\/index.php?rest_route=\/wp\/v2\/media\/20341"}],"wp:attachment":[{"href":"https:\/\/orcam.cl\/index.php?rest_route=%2Fwp%2Fv2%2Fmedia&parent=20340"}],"wp:term":[{"taxonomy":"product_cat","embeddable":true,"href":"https:\/\/orcam.cl\/index.php?rest_route=%2Fwp%2Fv2%2Fproduct_cat&post=20340"},{"taxonomy":"product_tag","embeddable":true,"href":"https:\/\/orcam.cl\/index.php?rest_route=%2Fwp%2Fv2%2Fproduct_tag&post=20340"}],"curies":[{"name":"wp","href":"https:\/\/api.w.org\/{rel}","templated":true}]}}