{"id":20414,"date":"2021-05-06T14:29:48","date_gmt":"2021-05-06T18:29:48","guid":{"rendered":"https:\/\/orcam.cl\/?post_type=product&#038;p=20414"},"modified":"2026-04-17T18:00:08","modified_gmt":"2026-04-17T22:00:08","slug":"logitech-mouse-inalambrico-m280-rojo","status":"publish","type":"product","link":"https:\/\/orcam.cl\/?product=logitech-mouse-inalambrico-m280-rojo","title":{"rendered":"Logitech: Mouse Inal\u00e1mbrico \u2013 M280 Rojo"},"content":{"rendered":"<p>Caracter\u00edsticas<br \/>\nESPECIFICACIONES F\u00cdSICAS<br \/>\n. Altura: 105,4 mm<br \/>\n. Anchura: 67,9 mm<br \/>\n. Profundidad: 38,4 mm<br \/>\n. Peso: 91 g<\/p>\n<p>SEGUIMIENTO<br \/>\n. Resoluci\u00f3n: 1.000 DPI<\/p>\n<p>DURACI\u00d3N DE LAS BATER\u00cdAS<br \/>\n. 18 meses (pila)<\/p>\n<p>REQUISITOS<br \/>\n. Windows 10 o posteriores<br \/>\n. macOS 11 o posteriores<br \/>\n. Chrome OS<br \/>\n. Puerto USB<\/p>\n<p>CONTENIDO DE LA CAJA<br \/>\n. Mouse M280 Rojo<br \/>\n. Receptor USB<br \/>\n. 1 bater\u00eda AA (preinstalada)<br \/>\n. Documentaci\u00f3n del usuario<\/p>\n","protected":false},"excerpt":{"rendered":"<p>Caracter\u00edsticas ESPECIFICACIONES F\u00cdSICAS . Altura: 105,4 mm . Anchura: 67,9 mm . Profundidad: 38,4 mm . Peso: 91 g SEGUIMIENTO . Resoluci\u00f3n: 1.000 DPI DURACI\u00d3N DE LAS BATER\u00cdAS . 18 meses (pila) REQUISITOS . Windows 10 o posteriores . macOS 11 o posteriores . Chrome OS . Puerto USB CONTENIDO DE LA CAJA . Mouse [&#8230;]\n","protected":false},"featured_media":20415,"template":"","meta":{"inline_featured_image":false},"product_cat":[567,616],"product_tag":[4593],"_links":{"self":[{"href":"https:\/\/orcam.cl\/index.php?rest_route=\/wp\/v2\/product\/20414"}],"collection":[{"href":"https:\/\/orcam.cl\/index.php?rest_route=\/wp\/v2\/product"}],"about":[{"href":"https:\/\/orcam.cl\/index.php?rest_route=\/wp\/v2\/types\/product"}],"wp:featuredmedia":[{"embeddable":true,"href":"https:\/\/orcam.cl\/index.php?rest_route=\/wp\/v2\/media\/20415"}],"wp:attachment":[{"href":"https:\/\/orcam.cl\/index.php?rest_route=%2Fwp%2Fv2%2Fmedia&parent=20414"}],"wp:term":[{"taxonomy":"product_cat","embeddable":true,"href":"https:\/\/orcam.cl\/index.php?rest_route=%2Fwp%2Fv2%2Fproduct_cat&post=20414"},{"taxonomy":"product_tag","embeddable":true,"href":"https:\/\/orcam.cl\/index.php?rest_route=%2Fwp%2Fv2%2Fproduct_tag&post=20414"}],"curies":[{"name":"wp","href":"https:\/\/api.w.org\/{rel}","templated":true}]}}