{"id":20436,"date":"2021-05-10T19:35:29","date_gmt":"2021-05-10T23:35:29","guid":{"rendered":"https:\/\/orcam.cl\/?post_type=product&#038;p=20436"},"modified":"2026-04-14T13:03:50","modified_gmt":"2026-04-14T17:03:50","slug":"logitech-mouse-gamer-g203-white","status":"publish","type":"product","link":"https:\/\/orcam.cl\/?product=logitech-mouse-gamer-g203-white","title":{"rendered":"Logitech: Mouse Gamer \u2013 G203 White"},"content":{"rendered":"<p>Caracter\u00edsticas<\/p>\n<p>ESPECIFICACIONES F\u00cdSICAS<br \/>\n. Altura: 116,6 mm<br \/>\n. Anchura: 62,15 mm<br \/>\n. Profundidad: 38,2 mm<br \/>\n. Peso: 85 g<\/p>\n<p>SEGUIMIENTO<br \/>\n. Resoluci\u00f3n: 200 \u2013 8.000 dpi<br \/>\n. Sin suavizado\/aceleraci\u00f3n\/filtros<br \/>\n. Aceleraci\u00f3n m\u00e1x.: >25 G<br \/>\n. Velocidad m\u00e1x.: >200 ips<\/p>\n<p>RESPUESTA<br \/>\n. Velocidad de respuesta USB: 1000 Hz (1 ms)<br \/>\n. Microprocesador: 32 bits ARM<\/p>\n<p>OTRAS FUNCIONES<br \/>\n. Memoria integrada: 1 perfil<br \/>\n. Sistema mec\u00e1nico de tensi\u00f3n de botones<\/p>\n<p>DURABILIDAD<br \/>\n. Pies de PTFE: Recorrido de 250 km<\/p>\n<p>REQUISITOS<br \/>\n. Windows 7 o posteriores<br \/>\n. macOS 10.13 o posteriores<br \/>\n. Chrome OS<br \/>\n. Puerto USB<\/p>\n<p>CONTENIDO DE LA CAJA<br \/>\n. Mouse G203 Blanco<br \/>\n. Documentaci\u00f3n del usuario<\/p>\n","protected":false},"excerpt":{"rendered":"<p>Caracter\u00edsticas ESPECIFICACIONES F\u00cdSICAS . Altura: 116,6 mm . Anchura: 62,15 mm . Profundidad: 38,2 mm . Peso: 85 g SEGUIMIENTO . Resoluci\u00f3n: 200 \u2013 8.000 dpi . Sin suavizado\/aceleraci\u00f3n\/filtros . Aceleraci\u00f3n m\u00e1x.: >25 G . Velocidad m\u00e1x.: >200 ips RESPUESTA . Velocidad de respuesta USB: 1000 Hz (1 ms) . Microprocesador: 32 bits ARM OTRAS [&#8230;]\n","protected":false},"featured_media":20441,"template":"","meta":{"inline_featured_image":false},"product_cat":[567,616],"product_tag":[4600],"_links":{"self":[{"href":"https:\/\/orcam.cl\/index.php?rest_route=\/wp\/v2\/product\/20436"}],"collection":[{"href":"https:\/\/orcam.cl\/index.php?rest_route=\/wp\/v2\/product"}],"about":[{"href":"https:\/\/orcam.cl\/index.php?rest_route=\/wp\/v2\/types\/product"}],"wp:featuredmedia":[{"embeddable":true,"href":"https:\/\/orcam.cl\/index.php?rest_route=\/wp\/v2\/media\/20441"}],"wp:attachment":[{"href":"https:\/\/orcam.cl\/index.php?rest_route=%2Fwp%2Fv2%2Fmedia&parent=20436"}],"wp:term":[{"taxonomy":"product_cat","embeddable":true,"href":"https:\/\/orcam.cl\/index.php?rest_route=%2Fwp%2Fv2%2Fproduct_cat&post=20436"},{"taxonomy":"product_tag","embeddable":true,"href":"https:\/\/orcam.cl\/index.php?rest_route=%2Fwp%2Fv2%2Fproduct_tag&post=20436"}],"curies":[{"name":"wp","href":"https:\/\/api.w.org\/{rel}","templated":true}]}}