{"id":31612,"date":"2023-08-25T12:05:22","date_gmt":"2023-08-25T16:05:22","guid":{"rendered":"https:\/\/orcam.cl\/?post_type=product&#038;p=31612"},"modified":"2026-04-14T13:52:23","modified_gmt":"2026-04-14T17:52:23","slug":"logitech-mouse-gamer-g502-x-white","status":"publish","type":"product","link":"https:\/\/orcam.cl\/?product=logitech-mouse-gamer-g502-x-white","title":{"rendered":"Logitech: Mouse Gamer \u2013 G502 X White"},"content":{"rendered":"<p>Caracter\u00edsticas<\/p>\n<p>ESPECIFICACIONES F\u00cdSICAS<br \/>\n. Altura: 131,4 mm<br \/>\n. Anchura: 79,2 mm<br \/>\n. Profundidad: 41,1 mm<br \/>\n. Peso: 89 g<\/p>\n<p>SEGUIMIENTO<br \/>\n. Sensor: HERO 25K<br \/>\n. Resoluci\u00f3n: 100 \u2013 25.600 dpi<br \/>\n. Sin suavizado\/aceleraci\u00f3n\/filtros<br \/>\n. Aceleraci\u00f3n m\u00e1x.: >40 G<br \/>\n. Velocidad m\u00e1x.: >400 ips<\/p>\n<p>RESPUESTA<br \/>\n. Velocidad de respuesta USB: 1000 Hz (1 ms)<br \/>\n. Microprocesador: 32 bits ARM<\/p>\n<p>OTRAS FUNCIONES<br \/>\n. Memoria integrada: 5 perfil<br \/>\n. Sistema interruptores LIGHTFORCE h\u00edbridos \u00f3ptico-mec\u00e1nicos<\/p>\n<p>DURABILIDAD<br \/>\n. Pies de PTFE: Baja fricci\u00f3n<\/p>\n<p>REQUISITOS<br \/>\n. Windows 10 o posteriores<br \/>\n. macOS 10.14 o posteriores<br \/>\n. Chrome OS<br \/>\n. Puerto USB<\/p>\n<p>CONTENIDO DE LA CAJA<br \/>\n. Mouse G502 X Blanco<br \/>\n. Tapa de bot\u00f3n de cambio de dpi<br \/>\n. Documentaci\u00f3n del usuario<\/p>\n","protected":false},"excerpt":{"rendered":"<p>Caracter\u00edsticas ESPECIFICACIONES F\u00cdSICAS . Altura: 131,4 mm . Anchura: 79,2 mm . Profundidad: 41,1 mm . Peso: 89 g SEGUIMIENTO . Sensor: HERO 25K . Resoluci\u00f3n: 100 \u2013 25.600 dpi . Sin suavizado\/aceleraci\u00f3n\/filtros . Aceleraci\u00f3n m\u00e1x.: >40 G . Velocidad m\u00e1x.: >400 ips RESPUESTA . Velocidad de respuesta USB: 1000 Hz (1 ms) . Microprocesador: [&#8230;]\n","protected":false},"featured_media":31613,"template":"","meta":{"inline_featured_image":false},"product_cat":[567,616],"product_tag":[10093],"_links":{"self":[{"href":"https:\/\/orcam.cl\/index.php?rest_route=\/wp\/v2\/product\/31612"}],"collection":[{"href":"https:\/\/orcam.cl\/index.php?rest_route=\/wp\/v2\/product"}],"about":[{"href":"https:\/\/orcam.cl\/index.php?rest_route=\/wp\/v2\/types\/product"}],"wp:featuredmedia":[{"embeddable":true,"href":"https:\/\/orcam.cl\/index.php?rest_route=\/wp\/v2\/media\/31613"}],"wp:attachment":[{"href":"https:\/\/orcam.cl\/index.php?rest_route=%2Fwp%2Fv2%2Fmedia&parent=31612"}],"wp:term":[{"taxonomy":"product_cat","embeddable":true,"href":"https:\/\/orcam.cl\/index.php?rest_route=%2Fwp%2Fv2%2Fproduct_cat&post=31612"},{"taxonomy":"product_tag","embeddable":true,"href":"https:\/\/orcam.cl\/index.php?rest_route=%2Fwp%2Fv2%2Fproduct_tag&post=31612"}],"curies":[{"name":"wp","href":"https:\/\/api.w.org\/{rel}","templated":true}]}}