{"id":31633,"date":"2023-08-27T15:55:10","date_gmt":"2023-08-27T19:55:10","guid":{"rendered":"https:\/\/orcam.cl\/?post_type=product&#038;p=31633"},"modified":"2026-04-14T20:17:10","modified_gmt":"2026-04-15T00:17:10","slug":"logitech-mouse-inalambrico-m170-white","status":"publish","type":"product","link":"https:\/\/orcam.cl\/?product=logitech-mouse-inalambrico-m170-white","title":{"rendered":"Logitech: Mouse Inal\u00e1mbrico \u2013 M170 White"},"content":{"rendered":"<p>Caracter\u00edsticas<br \/>\nESPECIFICACIONES F\u00cdSICAS<br \/>\n. Altura: 97,7 mm<br \/>\n. Anchura: 61,5 mm<br \/>\n. Profundidad: 35,2 mm<br \/>\n. Peso: 69,3 g<\/p>\n<p>SEGUIMIENTO<br \/>\n. Resoluci\u00f3n: 1.000 dpi<\/p>\n<p>DURACI\u00d3N DE LAS BATER\u00cdAS<br \/>\n. 12 meses (pila)<\/p>\n<p>REQUISITOS<br \/>\n. Windows 10 o posteriores<br \/>\n. macOS 10.8 o posteriores<br \/>\n. Chrome OS<br \/>\n. Puerto USB<\/p>\n<p>CONTENIDO DE LA CAJA<br \/>\n. Mouse M170 Blanco<br \/>\n. Receptor USB<br \/>\n. 1 bater\u00eda AA (preinstalada)<br \/>\n. Documentaci\u00f3n del usuario<\/p>\n","protected":false},"excerpt":{"rendered":"<p>Caracter\u00edsticas ESPECIFICACIONES F\u00cdSICAS . Altura: 97,7 mm . Anchura: 61,5 mm . Profundidad: 35,2 mm . Peso: 69,3 g SEGUIMIENTO . Resoluci\u00f3n: 1.000 dpi DURACI\u00d3N DE LAS BATER\u00cdAS . 12 meses (pila) REQUISITOS . Windows 10 o posteriores . macOS 10.8 o posteriores . Chrome OS . Puerto USB CONTENIDO DE LA CAJA . Mouse [&#8230;]\n","protected":false},"featured_media":31634,"template":"","meta":{"inline_featured_image":false},"product_cat":[567,616],"product_tag":[10101],"_links":{"self":[{"href":"https:\/\/orcam.cl\/index.php?rest_route=\/wp\/v2\/product\/31633"}],"collection":[{"href":"https:\/\/orcam.cl\/index.php?rest_route=\/wp\/v2\/product"}],"about":[{"href":"https:\/\/orcam.cl\/index.php?rest_route=\/wp\/v2\/types\/product"}],"wp:featuredmedia":[{"embeddable":true,"href":"https:\/\/orcam.cl\/index.php?rest_route=\/wp\/v2\/media\/31634"}],"wp:attachment":[{"href":"https:\/\/orcam.cl\/index.php?rest_route=%2Fwp%2Fv2%2Fmedia&parent=31633"}],"wp:term":[{"taxonomy":"product_cat","embeddable":true,"href":"https:\/\/orcam.cl\/index.php?rest_route=%2Fwp%2Fv2%2Fproduct_cat&post=31633"},{"taxonomy":"product_tag","embeddable":true,"href":"https:\/\/orcam.cl\/index.php?rest_route=%2Fwp%2Fv2%2Fproduct_tag&post=31633"}],"curies":[{"name":"wp","href":"https:\/\/api.w.org\/{rel}","templated":true}]}}