{"id":32520,"date":"2023-11-03T18:28:55","date_gmt":"2023-11-03T22:28:55","guid":{"rendered":"https:\/\/orcam.cl\/?post_type=product&#038;p=32520"},"modified":"2023-11-03T18:29:04","modified_gmt":"2023-11-03T22:29:04","slug":"tecnolab-hdmi-switch-splitter-3-en-1-tl339","status":"publish","type":"product","link":"https:\/\/orcam.cl\/?product=tecnolab-hdmi-switch-splitter-3-en-1-tl339","title":{"rendered":"Tecnolab: HDMI Switch Splitter 3 en 1 \u2013 TL339"},"content":{"rendered":"","protected":false},"excerpt":{"rendered":"<p>Soporte con HDMI 1.3B HDMI 1.4. Admite color profundo de 12 bits. Alto rendimiento hasta 2.5 Gbps. Multifuncional en conmutaci\u00f3n: inteligente y mec\u00e1nica. Resoluciones de HDTV de hasta 1080p y 2k para computadora 3840&#215;2160. Paso a trav\u00e9s de HDMI. Paso a trav\u00e9s de HDCP<\/p>\n","protected":false},"featured_media":32521,"template":"","meta":{"inline_featured_image":false},"product_cat":[3728,613,558],"product_tag":[10591],"_links":{"self":[{"href":"https:\/\/orcam.cl\/index.php?rest_route=\/wp\/v2\/product\/32520"}],"collection":[{"href":"https:\/\/orcam.cl\/index.php?rest_route=\/wp\/v2\/product"}],"about":[{"href":"https:\/\/orcam.cl\/index.php?rest_route=\/wp\/v2\/types\/product"}],"wp:featuredmedia":[{"embeddable":true,"href":"https:\/\/orcam.cl\/index.php?rest_route=\/wp\/v2\/media\/32521"}],"wp:attachment":[{"href":"https:\/\/orcam.cl\/index.php?rest_route=%2Fwp%2Fv2%2Fmedia&parent=32520"}],"wp:term":[{"taxonomy":"product_cat","embeddable":true,"href":"https:\/\/orcam.cl\/index.php?rest_route=%2Fwp%2Fv2%2Fproduct_cat&post=32520"},{"taxonomy":"product_tag","embeddable":true,"href":"https:\/\/orcam.cl\/index.php?rest_route=%2Fwp%2Fv2%2Fproduct_tag&post=32520"}],"curies":[{"name":"wp","href":"https:\/\/api.w.org\/{rel}","templated":true}]}}