{"id":34807,"date":"2024-05-05T12:59:41","date_gmt":"2024-05-05T16:59:41","guid":{"rendered":"https:\/\/orcam.cl\/?post_type=product&#038;p=34807"},"modified":"2026-04-19T20:56:15","modified_gmt":"2026-04-20T00:56:15","slug":"hoco-mouse-inalambrico-y-bluetooth-gm15-blanco","status":"publish","type":"product","link":"https:\/\/orcam.cl\/?product=hoco-mouse-inalambrico-y-bluetooth-gm15-blanco","title":{"rendered":"Hoco: Mouse Inal\u00e1mbrico y Bluetooth \u2013 GM15 Blanco"},"content":{"rendered":"<p>Caracter\u00edsticas<br \/>\nESPECIFICACIONES F\u00cdSICAS<br \/>\n. Altura: 109 mm<br \/>\n. Anchura: 63 mm<br \/>\n. Profundidad: 31 mm<br \/>\n. Peso: 60 g<\/p>\n<p>SEGUIMIENTO<br \/>\n. Resoluci\u00f3n: 800 &#8211; 1.600 DPI<\/p>\n<p>CONTENIDO DE LA CAJA<br \/>\n. Mouse GM15 Blanco<br \/>\n. Receptor USB<br \/>\n. Documentaci\u00f3n del usuario<\/p>\n","protected":false},"excerpt":{"rendered":"<p>Caracter\u00edsticas ESPECIFICACIONES F\u00cdSICAS . Altura: 109 mm . Anchura: 63 mm . Profundidad: 31 mm . Peso: 60 g SEGUIMIENTO . Resoluci\u00f3n: 800 &#8211; 1.600 DPI CONTENIDO DE LA CAJA . Mouse GM15 Blanco . Receptor USB . Documentaci\u00f3n del usuario<\/p>\n","protected":false},"featured_media":34808,"template":"","meta":{"inline_featured_image":false},"product_cat":[567,616],"product_tag":[11455],"_links":{"self":[{"href":"https:\/\/orcam.cl\/index.php?rest_route=\/wp\/v2\/product\/34807"}],"collection":[{"href":"https:\/\/orcam.cl\/index.php?rest_route=\/wp\/v2\/product"}],"about":[{"href":"https:\/\/orcam.cl\/index.php?rest_route=\/wp\/v2\/types\/product"}],"wp:featuredmedia":[{"embeddable":true,"href":"https:\/\/orcam.cl\/index.php?rest_route=\/wp\/v2\/media\/34808"}],"wp:attachment":[{"href":"https:\/\/orcam.cl\/index.php?rest_route=%2Fwp%2Fv2%2Fmedia&parent=34807"}],"wp:term":[{"taxonomy":"product_cat","embeddable":true,"href":"https:\/\/orcam.cl\/index.php?rest_route=%2Fwp%2Fv2%2Fproduct_cat&post=34807"},{"taxonomy":"product_tag","embeddable":true,"href":"https:\/\/orcam.cl\/index.php?rest_route=%2Fwp%2Fv2%2Fproduct_tag&post=34807"}],"curies":[{"name":"wp","href":"https:\/\/api.w.org\/{rel}","templated":true}]}}