{"id":36230,"date":"2024-08-28T20:54:40","date_gmt":"2024-08-29T00:54:40","guid":{"rendered":"https:\/\/orcam.cl\/?post_type=product&#038;p=36230"},"modified":"2026-04-17T13:20:27","modified_gmt":"2026-04-17T17:20:27","slug":"logitech-mouse-inalambrico-pebble-mouse-2-m350s-rosa","status":"publish","type":"product","link":"https:\/\/orcam.cl\/?product=logitech-mouse-inalambrico-pebble-mouse-2-m350s-rosa","title":{"rendered":"Logitech: Mouse Inal\u00e1mbrico \u2013 Pebble Mouse 2 M350S Rosa"},"content":{"rendered":"<p>Caracter\u00edsticas<br \/>\nESPECIFICACIONES F\u00cdSICAS<br \/>\n. Altura: 106,7 mm<br \/>\n. Anchura: 58,7 mm<br \/>\n. Profundidad: 26,62 mm<br \/>\n. Peso: 76 g<\/p>\n<p>SEGUIMIENTO<br \/>\n. Resoluci\u00f3n: 400 \u2013 4.000 DPI<\/p>\n<p>DURACI\u00d3N DE LAS BATER\u00cdAS<br \/>\n. 24 meses (pila)<\/p>\n<p>OTRAS FUNCIONES<br \/>\n. Emparejamiento multidispositivo (hasta 3 dispositivos)<br \/>\n. Bot\u00f3n central personalizable con la aplicaci\u00f3n Logi Options +<br \/>\n. Clics silenciosos con tecnolog\u00eda Silent Touch<\/p>\n<p>REQUISITOS<br \/>\n. Windows 10 o posteriores<br \/>\n. macOS 11 o posteriores<br \/>\n. Chrome OS<br \/>\n. Puerto USB<\/p>\n<p>CONTENIDO DE LA CAJA<br \/>\n. Mouse Pebble Mouse 2 M350S Rosa<br \/>\n. 1 bater\u00eda AA (preinstalada)<br \/>\n. Documentaci\u00f3n del usuario<\/p>\n","protected":false},"excerpt":{"rendered":"<p>Caracter\u00edsticas ESPECIFICACIONES F\u00cdSICAS . Altura: 106,7 mm . Anchura: 58,7 mm . Profundidad: 26,62 mm . Peso: 76 g SEGUIMIENTO . Resoluci\u00f3n: 400 \u2013 4.000 DPI DURACI\u00d3N DE LAS BATER\u00cdAS . 24 meses (pila) OTRAS FUNCIONES . Emparejamiento multidispositivo (hasta 3 dispositivos) . Bot\u00f3n central personalizable con la aplicaci\u00f3n Logi Options + . Clics silenciosos [&#8230;]\n","protected":false},"featured_media":36231,"template":"","meta":{"inline_featured_image":false},"product_cat":[567,616],"product_tag":[12182],"_links":{"self":[{"href":"https:\/\/orcam.cl\/index.php?rest_route=\/wp\/v2\/product\/36230"}],"collection":[{"href":"https:\/\/orcam.cl\/index.php?rest_route=\/wp\/v2\/product"}],"about":[{"href":"https:\/\/orcam.cl\/index.php?rest_route=\/wp\/v2\/types\/product"}],"wp:featuredmedia":[{"embeddable":true,"href":"https:\/\/orcam.cl\/index.php?rest_route=\/wp\/v2\/media\/36231"}],"wp:attachment":[{"href":"https:\/\/orcam.cl\/index.php?rest_route=%2Fwp%2Fv2%2Fmedia&parent=36230"}],"wp:term":[{"taxonomy":"product_cat","embeddable":true,"href":"https:\/\/orcam.cl\/index.php?rest_route=%2Fwp%2Fv2%2Fproduct_cat&post=36230"},{"taxonomy":"product_tag","embeddable":true,"href":"https:\/\/orcam.cl\/index.php?rest_route=%2Fwp%2Fv2%2Fproduct_tag&post=36230"}],"curies":[{"name":"wp","href":"https:\/\/api.w.org\/{rel}","templated":true}]}}