{"id":38690,"date":"2025-05-27T17:48:24","date_gmt":"2025-05-27T21:48:24","guid":{"rendered":"https:\/\/orcam.cl\/?post_type=product&#038;p=38690"},"modified":"2026-04-20T16:26:42","modified_gmt":"2026-04-20T20:26:42","slug":"genius-mouse-ergonomico-inalambrico-ergo-8250s","status":"publish","type":"product","link":"https:\/\/orcam.cl\/?product=genius-mouse-ergonomico-inalambrico-ergo-8250s","title":{"rendered":"Genius: Mouse Ergon\u00f3mico Inal\u00e1mbrico \u2013 Ergo 8250S"},"content":{"rendered":"<p>Caracter\u00edsticas<br \/>\nESPECIFICACIONES F\u00cdSICAS<br \/>\n. Altura: 111,2 mm<br \/>\n. Anchura: 78,3 mm<br \/>\n. Profundidad: 73,8 mm<br \/>\n. Peso: 97 g<\/p>\n<p>SEGUIMIENTO<br \/>\n. Resoluci\u00f3n: 800 &#8211; 1.600 DPI<\/p>\n<p>DURACI\u00d3N DE LAS BATER\u00cdAS<br \/>\n. 12 meses (pila)<\/p>\n<p>REQUISITOS<br \/>\n. Windows 8 o posteriores<br \/>\n. macOS 10.8 o posteriores<br \/>\n. Chrome OS<br \/>\n. Puerto USB<\/p>\n<p>CONTENIDO DE LA CAJA<br \/>\n. Mouse Ergo 8250S<br \/>\n. Receptor USB<br \/>\n. 1 bater\u00eda AA (preinstalada)<br \/>\n. Documentaci\u00f3n del usuario<\/p>\n","protected":false},"excerpt":{"rendered":"<p>Caracter\u00edsticas ESPECIFICACIONES F\u00cdSICAS . Altura: 111,2 mm . Anchura: 78,3 mm . Profundidad: 73,8 mm . Peso: 97 g SEGUIMIENTO . Resoluci\u00f3n: 800 &#8211; 1.600 DPI DURACI\u00d3N DE LAS BATER\u00cdAS . 12 meses (pila) REQUISITOS . Windows 8 o posteriores . macOS 10.8 o posteriores . Chrome OS . Puerto USB CONTENIDO DE LA CAJA [&#8230;]\n","protected":false},"featured_media":38693,"template":"","meta":{"inline_featured_image":false},"product_cat":[567,616],"product_tag":[13681],"_links":{"self":[{"href":"https:\/\/orcam.cl\/index.php?rest_route=\/wp\/v2\/product\/38690"}],"collection":[{"href":"https:\/\/orcam.cl\/index.php?rest_route=\/wp\/v2\/product"}],"about":[{"href":"https:\/\/orcam.cl\/index.php?rest_route=\/wp\/v2\/types\/product"}],"wp:featuredmedia":[{"embeddable":true,"href":"https:\/\/orcam.cl\/index.php?rest_route=\/wp\/v2\/media\/38693"}],"wp:attachment":[{"href":"https:\/\/orcam.cl\/index.php?rest_route=%2Fwp%2Fv2%2Fmedia&parent=38690"}],"wp:term":[{"taxonomy":"product_cat","embeddable":true,"href":"https:\/\/orcam.cl\/index.php?rest_route=%2Fwp%2Fv2%2Fproduct_cat&post=38690"},{"taxonomy":"product_tag","embeddable":true,"href":"https:\/\/orcam.cl\/index.php?rest_route=%2Fwp%2Fv2%2Fproduct_tag&post=38690"}],"curies":[{"name":"wp","href":"https:\/\/api.w.org\/{rel}","templated":true}]}}