{"id":40580,"date":"2025-11-21T19:22:00","date_gmt":"2025-11-21T23:22:00","guid":{"rendered":"https:\/\/orcam.cl\/?post_type=product&#038;p=40580"},"modified":"2026-04-17T17:56:41","modified_gmt":"2026-04-17T21:56:41","slug":"logitech-mouse-inalambrico-m280-gris","status":"publish","type":"product","link":"https:\/\/orcam.cl\/?product=logitech-mouse-inalambrico-m280-gris","title":{"rendered":"Logitech: Mouse Inal\u00e1mbrico \u2013 M280 Gris"},"content":{"rendered":"<p>Caracter\u00edsticas<br \/>\nESPECIFICACIONES F\u00cdSICAS<br \/>\n. Altura: 105,4 mm<br \/>\n. Anchura: 67,9 mm<br \/>\n. Profundidad: 38,4 mm<br \/>\n. Peso: 91 g<\/p>\n<p>SEGUIMIENTO<br \/>\n. Resoluci\u00f3n: 1.000 DPI<\/p>\n<p>DURACI\u00d3N DE LAS BATER\u00cdAS<br \/>\n. 18 meses (pila)<\/p>\n<p>REQUISITOS<br \/>\n. Windows 10 o posteriores<br \/>\n. macOS 11 o posteriores<br \/>\n. Chrome OS<br \/>\n. Puerto USB<\/p>\n<p>CONTENIDO DE LA CAJA<br \/>\n. Mouse M280 Gris<br \/>\n. Receptor USB<br \/>\n. 1 bater\u00eda AA (preinstalada)<br \/>\n. Documentaci\u00f3n del usuario<\/p>\n","protected":false},"excerpt":{"rendered":"<p>Caracter\u00edsticas ESPECIFICACIONES F\u00cdSICAS . Altura: 105,4 mm . Anchura: 67,9 mm . Profundidad: 38,4 mm . Peso: 91 g SEGUIMIENTO . Resoluci\u00f3n: 1.000 DPI DURACI\u00d3N DE LAS BATER\u00cdAS . 18 meses (pila) REQUISITOS . Windows 10 o posteriores . macOS 11 o posteriores . Chrome OS . Puerto USB CONTENIDO DE LA CAJA . Mouse [&#8230;]\n","protected":false},"featured_media":40581,"template":"","meta":{"inline_featured_image":false},"product_cat":[567,616],"product_tag":[15026],"_links":{"self":[{"href":"https:\/\/orcam.cl\/index.php?rest_route=\/wp\/v2\/product\/40580"}],"collection":[{"href":"https:\/\/orcam.cl\/index.php?rest_route=\/wp\/v2\/product"}],"about":[{"href":"https:\/\/orcam.cl\/index.php?rest_route=\/wp\/v2\/types\/product"}],"wp:featuredmedia":[{"embeddable":true,"href":"https:\/\/orcam.cl\/index.php?rest_route=\/wp\/v2\/media\/40581"}],"wp:attachment":[{"href":"https:\/\/orcam.cl\/index.php?rest_route=%2Fwp%2Fv2%2Fmedia&parent=40580"}],"wp:term":[{"taxonomy":"product_cat","embeddable":true,"href":"https:\/\/orcam.cl\/index.php?rest_route=%2Fwp%2Fv2%2Fproduct_cat&post=40580"},{"taxonomy":"product_tag","embeddable":true,"href":"https:\/\/orcam.cl\/index.php?rest_route=%2Fwp%2Fv2%2Fproduct_tag&post=40580"}],"curies":[{"name":"wp","href":"https:\/\/api.w.org\/{rel}","templated":true}]}}