{"id":40894,"date":"2025-12-22T15:07:57","date_gmt":"2025-12-22T19:07:57","guid":{"rendered":"https:\/\/orcam.cl\/?post_type=product&#038;p=40894"},"modified":"2026-04-01T13:24:49","modified_gmt":"2026-04-01T17:24:49","slug":"pokemon-jcc-coleccion-torneo-premium-lillie","status":"publish","type":"product","link":"https:\/\/orcam.cl\/?product=pokemon-jcc-coleccion-torneo-premium-lillie","title":{"rendered":"Pok\u00e9mon JCC: Colecci\u00f3n Torneo Pr\u00e9mium Lillie"},"content":{"rendered":"","protected":false},"excerpt":{"rendered":"","protected":false},"featured_media":40895,"template":"","meta":{"inline_featured_image":false},"product_cat":[4142,633],"product_tag":[15277],"_links":{"self":[{"href":"https:\/\/orcam.cl\/index.php?rest_route=\/wp\/v2\/product\/40894"}],"collection":[{"href":"https:\/\/orcam.cl\/index.php?rest_route=\/wp\/v2\/product"}],"about":[{"href":"https:\/\/orcam.cl\/index.php?rest_route=\/wp\/v2\/types\/product"}],"wp:featuredmedia":[{"embeddable":true,"href":"https:\/\/orcam.cl\/index.php?rest_route=\/wp\/v2\/media\/40895"}],"wp:attachment":[{"href":"https:\/\/orcam.cl\/index.php?rest_route=%2Fwp%2Fv2%2Fmedia&parent=40894"}],"wp:term":[{"taxonomy":"product_cat","embeddable":true,"href":"https:\/\/orcam.cl\/index.php?rest_route=%2Fwp%2Fv2%2Fproduct_cat&post=40894"},{"taxonomy":"product_tag","embeddable":true,"href":"https:\/\/orcam.cl\/index.php?rest_route=%2Fwp%2Fv2%2Fproduct_tag&post=40894"}],"curies":[{"name":"wp","href":"https:\/\/api.w.org\/{rel}","templated":true}]}}