{"id":41535,"date":"2026-03-16T13:29:05","date_gmt":"2026-03-16T17:29:05","guid":{"rendered":"https:\/\/orcam.cl\/?post_type=product&#038;p=41535"},"modified":"2026-04-19T17:57:09","modified_gmt":"2026-04-19T21:57:09","slug":"logitech-mouse-inalambrico-m190-negro","status":"publish","type":"product","link":"https:\/\/orcam.cl\/?product=logitech-mouse-inalambrico-m190-negro","title":{"rendered":"Logitech: Mouse Inal\u00e1mbrico \u2013 M190 Negro"},"content":{"rendered":"<p>Caracter\u00edsticas<br \/>\nESPECIFICACIONES F\u00cdSICAS<br \/>\n. Altura: 115,4 mm<br \/>\n. Anchura: 66,1 mm<br \/>\n. Profundidad: 40,3 mm<br \/>\n. Peso: 89,9 g<\/p>\n<p>SEGUIMIENTO<br \/>\n. Resoluci\u00f3n: 1.000 DPI<\/p>\n<p>DURACI\u00d3N DE LAS BATER\u00cdAS<br \/>\n. 18 meses (pila)<\/p>\n<p>REQUISITOS<br \/>\n. Windows 10 o posteriores<br \/>\n. macOS 10.10 o posteriores<br \/>\n. Chrome OS<br \/>\n. Puerto USB<\/p>\n<p>CONTENIDO DE LA CAJA<br \/>\n. Mouse M190 Negro<br \/>\n. Receptor USB<br \/>\n. 1 bater\u00eda AA (preinstalada)<br \/>\n. Documentaci\u00f3n del usuario<\/p>\n","protected":false},"excerpt":{"rendered":"<p>Caracter\u00edsticas ESPECIFICACIONES F\u00cdSICAS . Altura: 115,4 mm . Anchura: 66,1 mm . Profundidad: 40,3 mm . Peso: 89,9 g SEGUIMIENTO . Resoluci\u00f3n: 1.000 DPI DURACI\u00d3N DE LAS BATER\u00cdAS . 18 meses (pila) REQUISITOS . Windows 10 o posteriores . macOS 10.10 o posteriores . Chrome OS . Puerto USB CONTENIDO DE LA CAJA . Mouse [&#8230;]\n","protected":false},"featured_media":41536,"template":"","meta":{"inline_featured_image":false},"product_cat":[567,616],"product_tag":[15675],"_links":{"self":[{"href":"https:\/\/orcam.cl\/index.php?rest_route=\/wp\/v2\/product\/41535"}],"collection":[{"href":"https:\/\/orcam.cl\/index.php?rest_route=\/wp\/v2\/product"}],"about":[{"href":"https:\/\/orcam.cl\/index.php?rest_route=\/wp\/v2\/types\/product"}],"wp:featuredmedia":[{"embeddable":true,"href":"https:\/\/orcam.cl\/index.php?rest_route=\/wp\/v2\/media\/41536"}],"wp:attachment":[{"href":"https:\/\/orcam.cl\/index.php?rest_route=%2Fwp%2Fv2%2Fmedia&parent=41535"}],"wp:term":[{"taxonomy":"product_cat","embeddable":true,"href":"https:\/\/orcam.cl\/index.php?rest_route=%2Fwp%2Fv2%2Fproduct_cat&post=41535"},{"taxonomy":"product_tag","embeddable":true,"href":"https:\/\/orcam.cl\/index.php?rest_route=%2Fwp%2Fv2%2Fproduct_tag&post=41535"}],"curies":[{"name":"wp","href":"https:\/\/api.w.org\/{rel}","templated":true}]}}